{"id":2068,"date":"2020-11-06T17:44:39","date_gmt":"2020-11-06T17:44:39","guid":{"rendered":"https:\/\/fixthehistory.com\/quienes-somos\/"},"modified":"2020-11-19T20:28:22","modified_gmt":"2020-11-19T20:28:22","slug":"quienes-somos","status":"publish","type":"page","link":"https:\/\/fixthehistory.com\/es\/quienes-somos\/","title":{"rendered":"Quienes somos"},"content":{"rendered":"<h3>Fix The History<\/h3>\n<h1>Nuestra historia<\/h1>\n<h4>Vuestra mejor experiencia y tambi\u00e9n la nuestra<\/h4>\n<h2>Divirti\u00e9ndonos creando diversi\u00f3n<\/h2>\n<p>Todo empez\u00f3 en la cumbre de una monta\u00f1a, lugar proclive a la iluminaci\u00f3n, d\u00f3nde Jordi dijo \u00ab\u00bfSabes lo qu\u00e9 es una escape room?\u00bb El siguiente paso fue ir a Barcelona a jugar <em>Habitaci\u00f3n 73<\/em>, sala decana del escapismo catal\u00e1n, y David dijo \u00abEsto es lo mio\u00bb. Poco despu\u00e9s ya mov\u00edamos papeles, ide\u00e1bamos planos y dise\u00f1\u00e1bamos juegos e historias. Mucho ha pasado desde aquel 2014, pero seguimos divirti\u00e9ndonos haciendo lo que hacemos, lo que m\u00e1s nos gusta: \u00a1Jugar!<\/p>\n<p>\t\t\t<a href=\"#Nosaltres\" role=\"button\"><br \/>\n\t\t\t\t\t\tNosotros<br \/>\n\t\t\t\t\t<\/a><br \/>\n\t\t\t\t\t\t\t\t\t\t<img loading=\"lazy\" decoding=\"async\" width=\"1024\" height=\"768\" src=\"https:\/\/fixthehistory.com\/wp-content\/uploads\/2020\/08\/FIX-HISTORY-11-12-06-2016-3-scaled-1-1024x768.jpg\" alt=\"\" loading=\"lazy\" srcset=\"https:\/\/fixthehistory.com\/wp-content\/uploads\/2020\/08\/FIX-HISTORY-11-12-06-2016-3-scaled-1-1024x768.jpg 1024w, https:\/\/fixthehistory.com\/wp-content\/uploads\/2020\/08\/FIX-HISTORY-11-12-06-2016-3-scaled-1-300x225.jpg 300w, https:\/\/fixthehistory.com\/wp-content\/uploads\/2020\/08\/FIX-HISTORY-11-12-06-2016-3-scaled-1-768x576.jpg 768w, https:\/\/fixthehistory.com\/wp-content\/uploads\/2020\/08\/FIX-HISTORY-11-12-06-2016-3-scaled-1-1536x1152.jpg 1536w, https:\/\/fixthehistory.com\/wp-content\/uploads\/2020\/08\/FIX-HISTORY-11-12-06-2016-3-scaled-1-2048x1536.jpg 2048w, https:\/\/fixthehistory.com\/wp-content\/uploads\/2020\/08\/FIX-HISTORY-11-12-06-2016-3-scaled-1-1200x900.jpg 1200w, https:\/\/fixthehistory.com\/wp-content\/uploads\/2020\/08\/FIX-HISTORY-11-12-06-2016-3-scaled-1-1980x1485.jpg 1980w\" sizes=\"auto, (max-width: 1024px) 100vw, 1024px\" \/><br \/>\n\t\t\t\t\t\t\t\t\t\t<img loading=\"lazy\" decoding=\"async\" width=\"1024\" height=\"768\" src=\"https:\/\/fixthehistory.com\/wp-content\/uploads\/2020\/08\/IMG_20161120_160446-scaled-e1598870513759-1024x768.jpg\" alt=\"\" loading=\"lazy\" srcset=\"https:\/\/fixthehistory.com\/wp-content\/uploads\/2020\/08\/IMG_20161120_160446-scaled-e1598870513759-1024x768.jpg 1024w, https:\/\/fixthehistory.com\/wp-content\/uploads\/2020\/08\/IMG_20161120_160446-scaled-e1598870513759-300x225.jpg 300w, https:\/\/fixthehistory.com\/wp-content\/uploads\/2020\/08\/IMG_20161120_160446-scaled-e1598870513759-768x576.jpg 768w, https:\/\/fixthehistory.com\/wp-content\/uploads\/2020\/08\/IMG_20161120_160446-scaled-e1598870513759.jpg 1200w\" sizes=\"auto, (max-width: 1024px) 100vw, 1024px\" \/><br \/>\n\t\t\t\t\t\t\t\t\t\t<img loading=\"lazy\" decoding=\"async\" width=\"1024\" height=\"768\" src=\"https:\/\/fixthehistory.com\/wp-content\/uploads\/2020\/08\/WorkingHard-1-scaled-e1598869932809-1024x768.jpg\" alt=\"\" loading=\"lazy\" srcset=\"https:\/\/fixthehistory.com\/wp-content\/uploads\/2020\/08\/WorkingHard-1-scaled-e1598869932809-1024x768.jpg 1024w, https:\/\/fixthehistory.com\/wp-content\/uploads\/2020\/08\/WorkingHard-1-scaled-e1598869932809-300x225.jpg 300w, https:\/\/fixthehistory.com\/wp-content\/uploads\/2020\/08\/WorkingHard-1-scaled-e1598869932809-768x576.jpg 768w, https:\/\/fixthehistory.com\/wp-content\/uploads\/2020\/08\/WorkingHard-1-scaled-e1598869932809.jpg 1200w\" sizes=\"auto, (max-width: 1024px) 100vw, 1024px\" \/>\t\t\t\t\t\t\t\t\t\t\t<\/p>\n<h4>Organizaci\u00f3n, Colaboradores, Familia<\/h4>\n<h2>La gran familia fixter<\/h2>\n<h4>\n\t\t\t\t\t\tMr O&#8217;Valley\t\t\t\t\t<\/h4>\n<p>Grand Master Fixter<br \/>Co-ruler a Ludi Artis<\/p>\n<p>\t\t\t\tLudi artis<\/p>\n<h4>\n\t\t\t\t\t\tSir Godbridge\t\t\t\t\t<\/h4>\n<p>Bit Master Fixter<\/p>\n<h4>\n\t\t\t\t\t\tAgent Vir\t\t\t\t\t<\/h4>\n<p>Vigiles Master Fixter<\/p>\n<p>\t\t\t\tLudi artis<br \/>\n\t\t\t\t\t<a href=\"https:\/\/elbrogit.com\/ca\/\" target=\"_blank\" rel=\"noopener noreferrer\"><\/p>\n<h4>\n\t\t\t\t\t\tMrs O&#8217;Valley\t\t\t\t\t<\/h4>\n<p>L\u00edder Supremo del Brogit<br \/>Co-ruler a Ludi Artis<\/p>\n<p>\t\t\t\tLudi Artis<br \/>\n\t\t\t\t<\/a><\/p>\n<h4>\n\t\t\t\t\t\tStan\t\t\t\t\t<\/h4>\n<p>Especialista en escenas de acci\u00f3n<\/p>\n<p>\t\t\t\t\t<a href=\"http:\/\/lluismarti.cat\/\" target=\"_blank\" rel=\"noopener noreferrer\"><\/p>\n<h4>\n\t\t\t\t\t\tMonse\u00f1or Elbatartni\t\t\t\t\t<\/h4>\n<p>T\u00e9cnico en no se qu\u00e9<\/p>\n<p>\t\t\t\tLudi artis<br \/>\n\t\t\t\t<\/a><\/p>\n<h4>\n\t\t\t\t\t\tXuts O&#8217;Valley\t\t\t\t\t<\/h4>\n<p>Fiel Amiga<\/p>\n<h4>\n\t\t\t\t\t\t\u00a1Vosotros!\t\t\t\t\t<\/h4>\n<p>Todos nuestros fixters!<\/p>\n<p>\t\t\t\t\t<a href=\"https:\/\/explay.es\/ca\/agencia-de-marqueting-i-publicitat\/\" target=\"_blank\" rel=\"noopener noreferrer\"><\/p>\n<h4>\n\t\t\t\t\t\tDoctor Explay\t\t\t\t\t<\/h4>\n<p>Colaborador muy colaborativo<\/p>\n<p>\t\t\t\tludi artis<br \/>\n\t\t\t\t<\/a><br \/>\n\t\t\t\t\t<a href=\"http:\/\/www.ceskus.net\/\" target=\"_blank\" rel=\"noopener noreferrer\"><\/p>\n<h4>\n\t\t\t\t\t\tLord Francis Lach\t\t\t\t\t<\/h4>\n<p>Colaborador Bohemio<\/p>\n<p>\t\t\t\t\t\t<\/a><br \/>\n\t\t\t\t\t<a href=\"http:\/\/armand-art.com\/\" target=\"_blank\" rel=\"noopener noreferrer\"><\/p>\n<h4>\n\t\t\t\t\t\tProfesor Aranha\t\t\t\t\t<\/h4>\n<p>Colaborador Marcial<\/p>\n<p>\t\t\t\t\t\t<\/a><\/p>\n<h4>\n\t\t\t\t\t\tMonsieur Sideburns\t\t\t\t\t<\/h4>\n<p>Colaborador Peludo<\/p>\n<p>\t\t\t\t\t\t\t\t\t\t<img loading=\"lazy\" decoding=\"async\" width=\"390\" height=\"523\" src=\"https:\/\/fixthehistory.com\/wp-content\/uploads\/2020\/07\/LogoLudiArtis_taronja.jpg\" alt=\"\" loading=\"lazy\" srcset=\"https:\/\/fixthehistory.com\/wp-content\/uploads\/2020\/07\/LogoLudiArtis_taronja.jpg 390w, https:\/\/fixthehistory.com\/wp-content\/uploads\/2020\/07\/LogoLudiArtis_taronja-224x300.jpg 224w\" sizes=\"auto, (max-width: 390px) 100vw, 390px\" \/>\t\t\t\t\t\t\t\t\t\t\t<\/p>\n<h4>Fix the history somos Ludi Artis<\/h4>\n<h2>Hacemos posible lo imposible.<\/h2>\n<p>\t\t\t<a role=\"button\"><br \/>\n\t\t\t\t\t\tConoce Ludi Artis<br \/>\n\t\t\t\t\t<\/a><\/p>\n","protected":false},"excerpt":{"rendered":"<p>Fix The History Nuestra historia Vuestra mejor experiencia y tambi\u00e9n la nuestra Divirti\u00e9ndonos creando diversi\u00f3n Todo empez\u00f3 en la cumbre de una monta\u00f1a, lugar proclive a la iluminaci\u00f3n, d\u00f3nde Jordi dijo \u00ab\u00bfSabes lo qu\u00e9 es una escape room?\u00bb El siguiente paso fue ir a Barcelona a jugar Habitaci\u00f3n 73, sala decana del escapismo catal\u00e1n, y &#8230; <a title=\"Quienes somos\" class=\"read-more\" href=\"https:\/\/fixthehistory.com\/es\/quienes-somos\/\" aria-label=\"Leer m\u00e1s sobre Quienes somos\">Leer m\u00e1s<\/a><\/p>\n","protected":false},"author":3,"featured_media":0,"parent":0,"menu_order":0,"comment_status":"closed","ping_status":"closed","template":"elementor_header_footer","meta":{"footnotes":""},"class_list":["post-2068","page","type-page","status-publish"],"yoast_head":"<!-- This site is optimized with the Yoast SEO plugin v25.6 - https:\/\/yoast.com\/wordpress\/plugins\/seo\/ -->\n<title>Quienes somos - Fix the History<\/title>\n<meta name=\"robots\" content=\"noindex, follow\" \/>\n<meta property=\"og:locale\" content=\"es_ES\" \/>\n<meta property=\"og:type\" content=\"article\" \/>\n<meta property=\"og:title\" content=\"Quienes somos - Fix the History\" \/>\n<meta property=\"og:description\" content=\"Fix The History Nuestra historia Vuestra mejor experiencia y tambi\u00e9n la nuestra Divirti\u00e9ndonos creando diversi\u00f3n Todo empez\u00f3 en la cumbre de una monta\u00f1a, lugar proclive a la iluminaci\u00f3n, d\u00f3nde Jordi dijo \u00ab\u00bfSabes lo qu\u00e9 es una escape room?\u00bb El siguiente paso fue ir a Barcelona a jugar Habitaci\u00f3n 73, sala decana del escapismo catal\u00e1n, y ... Leer m\u00e1s\" \/>\n<meta property=\"og:url\" content=\"https:\/\/fixthehistory.com\/es\/quienes-somos\/\" \/>\n<meta property=\"og:site_name\" content=\"Fix the History\" \/>\n<meta property=\"article:modified_time\" content=\"2020-11-19T20:28:22+00:00\" \/>\n<meta property=\"og:image\" content=\"https:\/\/fixthehistory.com\/wp-content\/uploads\/2020\/08\/FIX-HISTORY-11-12-06-2016-3-scaled-1-1024x768.jpg\" \/>\n<meta name=\"twitter:card\" content=\"summary_large_image\" \/>\n<meta name=\"twitter:label1\" content=\"Tiempo de lectura\" \/>\n\t<meta name=\"twitter:data1\" content=\"1 minuto\" \/>\n<script type=\"application\/ld+json\" class=\"yoast-schema-graph\">{\"@context\":\"https:\/\/schema.org\",\"@graph\":[{\"@type\":\"WebPage\",\"@id\":\"https:\/\/fixthehistory.com\/es\/quienes-somos\/\",\"url\":\"https:\/\/fixthehistory.com\/es\/quienes-somos\/\",\"name\":\"Quienes somos - Fix the History\",\"isPartOf\":{\"@id\":\"https:\/\/fixthehistory.com\/es\/#website\"},\"primaryImageOfPage\":{\"@id\":\"https:\/\/fixthehistory.com\/es\/quienes-somos\/#primaryimage\"},\"image\":{\"@id\":\"https:\/\/fixthehistory.com\/es\/quienes-somos\/#primaryimage\"},\"thumbnailUrl\":\"https:\/\/fixthehistory.com\/wp-content\/uploads\/2020\/08\/FIX-HISTORY-11-12-06-2016-3-scaled-1-1024x768.jpg\",\"datePublished\":\"2020-11-06T17:44:39+00:00\",\"dateModified\":\"2020-11-19T20:28:22+00:00\",\"breadcrumb\":{\"@id\":\"https:\/\/fixthehistory.com\/es\/quienes-somos\/#breadcrumb\"},\"inLanguage\":\"es\",\"potentialAction\":[{\"@type\":\"ReadAction\",\"target\":[\"https:\/\/fixthehistory.com\/es\/quienes-somos\/\"]}]},{\"@type\":\"ImageObject\",\"inLanguage\":\"es\",\"@id\":\"https:\/\/fixthehistory.com\/es\/quienes-somos\/#primaryimage\",\"url\":\"https:\/\/fixthehistory.com\/wp-content\/uploads\/2020\/08\/FIX-HISTORY-11-12-06-2016-3-scaled-1-1024x768.jpg\",\"contentUrl\":\"https:\/\/fixthehistory.com\/wp-content\/uploads\/2020\/08\/FIX-HISTORY-11-12-06-2016-3-scaled-1-1024x768.jpg\"},{\"@type\":\"BreadcrumbList\",\"@id\":\"https:\/\/fixthehistory.com\/es\/quienes-somos\/#breadcrumb\",\"itemListElement\":[{\"@type\":\"ListItem\",\"position\":1,\"name\":\"Inici\",\"item\":\"https:\/\/fixthehistory.com\/es\/fix-the-history\/\"},{\"@type\":\"ListItem\",\"position\":2,\"name\":\"Quienes somos\"}]},{\"@type\":\"WebSite\",\"@id\":\"https:\/\/fixthehistory.com\/es\/#website\",\"url\":\"https:\/\/fixthehistory.com\/es\/\",\"name\":\"Fix the History\",\"description\":\"Escape Room\",\"publisher\":{\"@id\":\"https:\/\/fixthehistory.com\/es\/#organization\"},\"potentialAction\":[{\"@type\":\"SearchAction\",\"target\":{\"@type\":\"EntryPoint\",\"urlTemplate\":\"https:\/\/fixthehistory.com\/es\/?s={search_term_string}\"},\"query-input\":{\"@type\":\"PropertyValueSpecification\",\"valueRequired\":true,\"valueName\":\"search_term_string\"}}],\"inLanguage\":\"es\"},{\"@type\":\"Organization\",\"@id\":\"https:\/\/fixthehistory.com\/es\/#organization\",\"name\":\"Fix the History\",\"url\":\"https:\/\/fixthehistory.com\/es\/\",\"logo\":{\"@type\":\"ImageObject\",\"inLanguage\":\"es\",\"@id\":\"https:\/\/fixthehistory.com\/es\/#\/schema\/logo\/image\/\",\"url\":\"https:\/\/fixthehistory.com\/wp-content\/uploads\/2020\/07\/Recurso-10.png\",\"contentUrl\":\"https:\/\/fixthehistory.com\/wp-content\/uploads\/2020\/07\/Recurso-10.png\",\"width\":800,\"height\":79,\"caption\":\"Fix the History\"},\"image\":{\"@id\":\"https:\/\/fixthehistory.com\/es\/#\/schema\/logo\/image\/\"}}]}<\/script>\n<!-- \/ Yoast SEO plugin. -->","yoast_head_json":{"title":"Quienes somos - Fix the History","robots":{"index":"noindex","follow":"follow"},"og_locale":"es_ES","og_type":"article","og_title":"Quienes somos - Fix the History","og_description":"Fix The History Nuestra historia Vuestra mejor experiencia y tambi\u00e9n la nuestra Divirti\u00e9ndonos creando diversi\u00f3n Todo empez\u00f3 en la cumbre de una monta\u00f1a, lugar proclive a la iluminaci\u00f3n, d\u00f3nde Jordi dijo \u00ab\u00bfSabes lo qu\u00e9 es una escape room?\u00bb El siguiente paso fue ir a Barcelona a jugar Habitaci\u00f3n 73, sala decana del escapismo catal\u00e1n, y ... Leer m\u00e1s","og_url":"https:\/\/fixthehistory.com\/es\/quienes-somos\/","og_site_name":"Fix the History","article_modified_time":"2020-11-19T20:28:22+00:00","og_image":[{"url":"https:\/\/fixthehistory.com\/wp-content\/uploads\/2020\/08\/FIX-HISTORY-11-12-06-2016-3-scaled-1-1024x768.jpg","type":"","width":"","height":""}],"twitter_card":"summary_large_image","twitter_misc":{"Tiempo de lectura":"1 minuto"},"schema":{"@context":"https:\/\/schema.org","@graph":[{"@type":"WebPage","@id":"https:\/\/fixthehistory.com\/es\/quienes-somos\/","url":"https:\/\/fixthehistory.com\/es\/quienes-somos\/","name":"Quienes somos - Fix the History","isPartOf":{"@id":"https:\/\/fixthehistory.com\/es\/#website"},"primaryImageOfPage":{"@id":"https:\/\/fixthehistory.com\/es\/quienes-somos\/#primaryimage"},"image":{"@id":"https:\/\/fixthehistory.com\/es\/quienes-somos\/#primaryimage"},"thumbnailUrl":"https:\/\/fixthehistory.com\/wp-content\/uploads\/2020\/08\/FIX-HISTORY-11-12-06-2016-3-scaled-1-1024x768.jpg","datePublished":"2020-11-06T17:44:39+00:00","dateModified":"2020-11-19T20:28:22+00:00","breadcrumb":{"@id":"https:\/\/fixthehistory.com\/es\/quienes-somos\/#breadcrumb"},"inLanguage":"es","potentialAction":[{"@type":"ReadAction","target":["https:\/\/fixthehistory.com\/es\/quienes-somos\/"]}]},{"@type":"ImageObject","inLanguage":"es","@id":"https:\/\/fixthehistory.com\/es\/quienes-somos\/#primaryimage","url":"https:\/\/fixthehistory.com\/wp-content\/uploads\/2020\/08\/FIX-HISTORY-11-12-06-2016-3-scaled-1-1024x768.jpg","contentUrl":"https:\/\/fixthehistory.com\/wp-content\/uploads\/2020\/08\/FIX-HISTORY-11-12-06-2016-3-scaled-1-1024x768.jpg"},{"@type":"BreadcrumbList","@id":"https:\/\/fixthehistory.com\/es\/quienes-somos\/#breadcrumb","itemListElement":[{"@type":"ListItem","position":1,"name":"Inici","item":"https:\/\/fixthehistory.com\/es\/fix-the-history\/"},{"@type":"ListItem","position":2,"name":"Quienes somos"}]},{"@type":"WebSite","@id":"https:\/\/fixthehistory.com\/es\/#website","url":"https:\/\/fixthehistory.com\/es\/","name":"Fix the History","description":"Escape Room","publisher":{"@id":"https:\/\/fixthehistory.com\/es\/#organization"},"potentialAction":[{"@type":"SearchAction","target":{"@type":"EntryPoint","urlTemplate":"https:\/\/fixthehistory.com\/es\/?s={search_term_string}"},"query-input":{"@type":"PropertyValueSpecification","valueRequired":true,"valueName":"search_term_string"}}],"inLanguage":"es"},{"@type":"Organization","@id":"https:\/\/fixthehistory.com\/es\/#organization","name":"Fix the History","url":"https:\/\/fixthehistory.com\/es\/","logo":{"@type":"ImageObject","inLanguage":"es","@id":"https:\/\/fixthehistory.com\/es\/#\/schema\/logo\/image\/","url":"https:\/\/fixthehistory.com\/wp-content\/uploads\/2020\/07\/Recurso-10.png","contentUrl":"https:\/\/fixthehistory.com\/wp-content\/uploads\/2020\/07\/Recurso-10.png","width":800,"height":79,"caption":"Fix the History"},"image":{"@id":"https:\/\/fixthehistory.com\/es\/#\/schema\/logo\/image\/"}}]}},"_links":{"self":[{"href":"https:\/\/fixthehistory.com\/es\/wp-json\/wp\/v2\/pages\/2068","targetHints":{"allow":["GET"]}}],"collection":[{"href":"https:\/\/fixthehistory.com\/es\/wp-json\/wp\/v2\/pages"}],"about":[{"href":"https:\/\/fixthehistory.com\/es\/wp-json\/wp\/v2\/types\/page"}],"author":[{"embeddable":true,"href":"https:\/\/fixthehistory.com\/es\/wp-json\/wp\/v2\/users\/3"}],"replies":[{"embeddable":true,"href":"https:\/\/fixthehistory.com\/es\/wp-json\/wp\/v2\/comments?post=2068"}],"version-history":[{"count":6,"href":"https:\/\/fixthehistory.com\/es\/wp-json\/wp\/v2\/pages\/2068\/revisions"}],"predecessor-version":[{"id":2440,"href":"https:\/\/fixthehistory.com\/es\/wp-json\/wp\/v2\/pages\/2068\/revisions\/2440"}],"wp:attachment":[{"href":"https:\/\/fixthehistory.com\/es\/wp-json\/wp\/v2\/media?parent=2068"}],"curies":[{"name":"wp","href":"https:\/\/api.w.org\/{rel}","templated":true}]}}